{"id":799,"date":"2020-06-12T18:36:24","date_gmt":"2020-06-12T18:36:24","guid":{"rendered":"http:\/\/sd-1331064-h00028.ferozo.net\/?page_id=799"},"modified":"2020-06-16T19:18:56","modified_gmt":"2020-06-16T19:18:56","slug":"prehome","status":"publish","type":"page","link":"https:\/\/www.cashdeliveryinc.com\/en\/","title":{"rendered":"PREHOME"},"content":{"rendered":"\t\t<div data-elementor-type=\"wp-page\" data-elementor-id=\"799\" class=\"elementor elementor-799\" data-elementor-settings=\"[]\">\n\t\t\t\t\t\t<div class=\"elementor-inner\">\n\t\t\t\t\t\t\t<div class=\"elementor-section-wrap\">\n\t\t\t\t\t\t\t<section class=\"elementor-section elementor-top-section elementor-element elementor-element-3015ec9 elementor-section-height-min-height elementor-hidden-phone elementor-section-boxed elementor-section-height-default elementor-section-items-middle\" data-id=\"3015ec9\" data-element_type=\"section\">\n\t\t\t\t\t\t<div class=\"elementor-container elementor-column-gap-no\">\n\t\t\t\t\t\t\t<div class=\"elementor-row\">\n\t\t\t\t\t<div class=\"elementor-column elementor-col-100 elementor-top-column elementor-element elementor-element-0e1c325\" data-id=\"0e1c325\" data-element_type=\"column\">\n\t\t\t<div class=\"elementor-column-wrap elementor-element-populated\">\n\t\t\t\t\t\t\t<div class=\"elementor-widget-wrap\">\n\t\t\t\t\t\t<div class=\"elementor-element elementor-element-8552270 elementor-fixed elementor-widget elementor-widget-theme-site-logo elementor-widget-image\" data-id=\"8552270\" data-element_type=\"widget\" id=\"my-logo-white\" data-settings=\"{&quot;_position&quot;:&quot;fixed&quot;}\" data-widget_type=\"theme-site-logo.default\">\n\t\t\t\t<div class=\"elementor-widget-container\">\n\t\t\t\t\t\t\t\t<div class=\"elementor-image\">\n\t\t\t\t\t\t\t\t\t\t\t\t\t<a href=\"https:\/\/www.cashdeliveryinc.com\/en\">\n\t\t\t\t\t\t\t<img width=\"250\" height=\"72\" src=\"https:\/\/www.cashdeliveryinc.com\/wp-content\/uploads\/2020\/06\/logo-1.png\" class=\"attachment-full size-full\" alt=\"Cash Delivery Inc - Logo\" loading=\"lazy\" \/>\t\t\t\t\t\t\t\t<\/a>\n\t\t\t\t\t\t\t\t\t\t\t\t\t\t<\/div>\n\t\t\t\t\t\t<\/div>\n\t\t\t\t<\/div>\n\t\t\t\t\t\t<\/div>\n\t\t\t\t\t<\/div>\n\t\t<\/div>\n\t\t\t\t\t\t\t\t<\/div>\n\t\t\t\t\t<\/div>\n\t\t<\/section>\n\t\t\t\t<section class=\"elementor-section elementor-top-section elementor-element elementor-element-7d195d6 elementor-section-full_width elementor-section-height-full elementor-section-items-stretch elementor-hidden-phone elementor-section-height-default\" data-id=\"7d195d6\" data-element_type=\"section\" data-settings=\"{&quot;background_background&quot;:&quot;classic&quot;}\">\n\t\t\t\t\t\t<div class=\"elementor-container elementor-column-gap-no\">\n\t\t\t\t\t\t\t<div class=\"elementor-row\">\n\t\t\t\t\t<div class=\"elementor-column elementor-col-50 elementor-top-column elementor-element elementor-element-92cd93f\" data-id=\"92cd93f\" data-element_type=\"column\" data-settings=\"{&quot;background_background&quot;:&quot;classic&quot;}\">\n\t\t\t<div class=\"elementor-column-wrap elementor-element-populated\">\n\t\t\t\t\t<div class=\"elementor-background-overlay\"><\/div>\n\t\t\t\t\t\t\t<div class=\"elementor-widget-wrap\">\n\t\t\t\t\t\t<div class=\"elementor-element elementor-element-cd65572 elementor-widget elementor-widget-heading\" data-id=\"cd65572\" data-element_type=\"widget\" data-widget_type=\"heading.default\">\n\t\t\t\t<div class=\"elementor-widget-container\">\n\t\t\t<h2 class=\"elementor-heading-title elementor-size-default\">\u00a1Obt\u00e9n tu pr\u00e9stamo <br>ahora!<\/h2>\t\t<\/div>\n\t\t\t\t<\/div>\n\t\t\t\t<div class=\"elementor-element elementor-element-696a2f8 elementor-align-center elementor-widget elementor-widget-button\" data-id=\"696a2f8\" data-element_type=\"widget\" data-widget_type=\"button.default\">\n\t\t\t\t<div class=\"elementor-widget-container\">\n\t\t\t\t\t<div class=\"elementor-button-wrapper\">\n\t\t\t<a href=\"\/es\/apply-now\/\" class=\"elementor-button-link elementor-button elementor-size-sm\" role=\"button\">\n\t\t\t\t\t\t<span class=\"elementor-button-content-wrapper\">\n\t\t\t\t\t\t<span class=\"elementor-button-text\">CONTINUAR EN ESPA\u00d1OL<\/span>\n\t\t<\/span>\n\t\t\t\t\t<\/a>\n\t\t<\/div>\n\t\t\t\t<\/div>\n\t\t\t\t<\/div>\n\t\t\t\t\t\t<\/div>\n\t\t\t\t\t<\/div>\n\t\t<\/div>\n\t\t\t\t<div class=\"elementor-column elementor-col-50 elementor-top-column elementor-element elementor-element-e1ed7ed\" data-id=\"e1ed7ed\" data-element_type=\"column\" data-settings=\"{&quot;background_background&quot;:&quot;classic&quot;}\">\n\t\t\t<div class=\"elementor-column-wrap elementor-element-populated\">\n\t\t\t\t\t\t\t<div class=\"elementor-widget-wrap\">\n\t\t\t\t\t\t<div class=\"elementor-element elementor-element-fae9ee7 elementor-widget elementor-widget-heading\" data-id=\"fae9ee7\" data-element_type=\"widget\" data-widget_type=\"heading.default\">\n\t\t\t\t<div class=\"elementor-widget-container\">\n\t\t\t<h2 class=\"elementor-heading-title elementor-size-default\">Get your loan <br\/>now!<\/h2>\t\t<\/div>\n\t\t\t\t<\/div>\n\t\t\t\t<div class=\"elementor-element elementor-element-a4bf56f elementor-align-center elementor-widget elementor-widget-button\" data-id=\"a4bf56f\" data-element_type=\"widget\" data-widget_type=\"button.default\">\n\t\t\t\t<div class=\"elementor-widget-container\">\n\t\t\t\t\t<div class=\"elementor-button-wrapper\">\n\t\t\t<a href=\"\/en\/apply-now\/\" class=\"elementor-button-link elementor-button elementor-size-sm\" role=\"button\">\n\t\t\t\t\t\t<span class=\"elementor-button-content-wrapper\">\n\t\t\t\t\t\t<span class=\"elementor-button-text\">CONTINUE IN ENGLISH<\/span>\n\t\t<\/span>\n\t\t\t\t\t<\/a>\n\t\t<\/div>\n\t\t\t\t<\/div>\n\t\t\t\t<\/div>\n\t\t\t\t\t\t<\/div>\n\t\t\t\t\t<\/div>\n\t\t<\/div>\n\t\t\t\t\t\t\t\t<\/div>\n\t\t\t\t\t<\/div>\n\t\t<\/section>\n\t\t\t\t<section class=\"elementor-section elementor-top-section elementor-element elementor-element-803c3ab elementor-section-full_width elementor-section-height-min-height elementor-section-items-stretch elementor-hidden-desktop elementor-hidden-tablet elementor-section-stretched elementor-section-content-space-between elementor-section-height-default\" data-id=\"803c3ab\" data-element_type=\"section\" data-settings=\"{&quot;background_background&quot;:&quot;classic&quot;,&quot;stretch_section&quot;:&quot;section-stretched&quot;}\">\n\t\t\t\t\t\t<div class=\"elementor-container elementor-column-gap-no\">\n\t\t\t\t\t\t\t<div class=\"elementor-row\">\n\t\t\t\t\t<div class=\"elementor-column elementor-col-50 elementor-top-column elementor-element elementor-element-e6a5a81\" data-id=\"e6a5a81\" data-element_type=\"column\" data-settings=\"{&quot;background_background&quot;:&quot;classic&quot;}\">\n\t\t\t<div class=\"elementor-column-wrap elementor-element-populated\">\n\t\t\t\t\t<div class=\"elementor-background-overlay\"><\/div>\n\t\t\t\t\t\t\t<div class=\"elementor-widget-wrap\">\n\t\t\t\t\t\t<div class=\"elementor-element elementor-element-b45ed3a elementor-widget elementor-widget-heading\" data-id=\"b45ed3a\" data-element_type=\"widget\" data-widget_type=\"heading.default\">\n\t\t\t\t<div class=\"elementor-widget-container\">\n\t\t\t<h2 class=\"elementor-heading-title elementor-size-default\">\u00a1Obt\u00e9n tu pr\u00e9stamo <br>ahora!<\/h2>\t\t<\/div>\n\t\t\t\t<\/div>\n\t\t\t\t<div class=\"elementor-element elementor-element-8fc4c7b elementor-align-center elementor-widget elementor-widget-button\" data-id=\"8fc4c7b\" data-element_type=\"widget\" data-widget_type=\"button.default\">\n\t\t\t\t<div class=\"elementor-widget-container\">\n\t\t\t\t\t<div class=\"elementor-button-wrapper\">\n\t\t\t<a href=\"\/es\/apply-now\/\" class=\"elementor-button-link elementor-button elementor-size-sm\" role=\"button\">\n\t\t\t\t\t\t<span class=\"elementor-button-content-wrapper\">\n\t\t\t\t\t\t<span class=\"elementor-button-text\">CONTINUAR EN ESPA\u00d1OL<\/span>\n\t\t<\/span>\n\t\t\t\t\t<\/a>\n\t\t<\/div>\n\t\t\t\t<\/div>\n\t\t\t\t<\/div>\n\t\t\t\t\t\t<\/div>\n\t\t\t\t\t<\/div>\n\t\t<\/div>\n\t\t\t\t<div class=\"elementor-column elementor-col-50 elementor-top-column elementor-element elementor-element-08f08a6\" data-id=\"08f08a6\" data-element_type=\"column\" data-settings=\"{&quot;background_background&quot;:&quot;classic&quot;}\">\n\t\t\t<div class=\"elementor-column-wrap elementor-element-populated\">\n\t\t\t\t\t\t\t<div class=\"elementor-widget-wrap\">\n\t\t\t\t\t\t<div class=\"elementor-element elementor-element-f75b18e elementor-widget elementor-widget-heading\" data-id=\"f75b18e\" data-element_type=\"widget\" data-widget_type=\"heading.default\">\n\t\t\t\t<div class=\"elementor-widget-container\">\n\t\t\t<h2 class=\"elementor-heading-title elementor-size-default\">Get your loan <br\/>now!<\/h2>\t\t<\/div>\n\t\t\t\t<\/div>\n\t\t\t\t<div class=\"elementor-element elementor-element-1f0ae45 elementor-align-center elementor-widget elementor-widget-button\" data-id=\"1f0ae45\" data-element_type=\"widget\" data-widget_type=\"button.default\">\n\t\t\t\t<div class=\"elementor-widget-container\">\n\t\t\t\t\t<div class=\"elementor-button-wrapper\">\n\t\t\t<a href=\"\/en\/apply-now\/\" class=\"elementor-button-link elementor-button elementor-size-sm\" role=\"button\">\n\t\t\t\t\t\t<span class=\"elementor-button-content-wrapper\">\n\t\t\t\t\t\t<span class=\"elementor-button-text\">CONTINUE IN ENGLISH<\/span>\n\t\t<\/span>\n\t\t\t\t\t<\/a>\n\t\t<\/div>\n\t\t\t\t<\/div>\n\t\t\t\t<\/div>\n\t\t\t\t\t\t<\/div>\n\t\t\t\t\t<\/div>\n\t\t<\/div>\n\t\t\t\t\t\t\t\t<\/div>\n\t\t\t\t\t<\/div>\n\t\t<\/section>\n\t\t\t\t\t\t<\/div>\n\t\t\t\t\t\t<\/div>\n\t\t\t\t\t<\/div>\n\t\t","protected":false},"excerpt":{"rendered":"<p>\u00a1Obt\u00e9n tu pr\u00e9stamo ahora! CONTINUAR EN ESPA\u00d1OL Get your loan now! CONTINUE IN ENGLISH \u00a1Obt\u00e9n tu pr\u00e9stamo ahora! CONTINUAR EN ESPA\u00d1OL Get your loan now! CONTINUE IN ENGLISH<\/p>\n","protected":false},"author":1,"featured_media":0,"parent":0,"menu_order":0,"comment_status":"closed","ping_status":"closed","template":"elementor_header_footer","meta":[],"yoast_head":"<!-- This site is optimized with the Yoast SEO plugin v17.0 - https:\/\/yoast.com\/wordpress\/plugins\/seo\/ -->\n<title>PREHOME - Cash Delivery Inc.<\/title>\n<meta name=\"robots\" content=\"index, follow, max-snippet:-1, max-image-preview:large, max-video-preview:-1\" \/>\n<link rel=\"canonical\" href=\"https:\/\/www.cashdeliveryinc.com\/en\/\" \/>\n<meta property=\"og:locale\" content=\"en_US\" \/>\n<meta property=\"og:type\" content=\"article\" \/>\n<meta property=\"og:title\" content=\"PREHOME - Cash Delivery Inc.\" \/>\n<meta property=\"og:description\" content=\"\u00a1Obt\u00e9n tu pr\u00e9stamo ahora! CONTINUAR EN ESPA\u00d1OL Get your loan now! CONTINUE IN ENGLISH \u00a1Obt\u00e9n tu pr\u00e9stamo ahora! CONTINUAR EN ESPA\u00d1OL Get your loan now! CONTINUE IN ENGLISH\" \/>\n<meta property=\"og:url\" content=\"https:\/\/www.cashdeliveryinc.com\/en\/\" \/>\n<meta property=\"og:site_name\" content=\"Cash Delivery Inc.\" \/>\n<meta property=\"article:modified_time\" content=\"2020-06-16T19:18:56+00:00\" \/>\n<meta name=\"twitter:card\" content=\"summary_large_image\" \/>\n<script type=\"application\/ld+json\" class=\"yoast-schema-graph\">{\"@context\":\"https:\/\/schema.org\",\"@graph\":[{\"@type\":\"Organization\",\"@id\":\"https:\/\/www.cashdeliveryinc.com\/#organization\",\"name\":\"Cash Delivery INC.\",\"url\":\"https:\/\/www.cashdeliveryinc.com\/\",\"sameAs\":[],\"logo\":{\"@type\":\"ImageObject\",\"@id\":\"https:\/\/www.cashdeliveryinc.com\/#logo\",\"inLanguage\":\"en-US\",\"url\":\"https:\/\/www.cashdeliveryinc.com\/wp-content\/uploads\/2020\/06\/logo-1.png\",\"contentUrl\":\"https:\/\/www.cashdeliveryinc.com\/wp-content\/uploads\/2020\/06\/logo-1.png\",\"width\":250,\"height\":72,\"caption\":\"Cash Delivery INC.\"},\"image\":{\"@id\":\"https:\/\/www.cashdeliveryinc.com\/#logo\"}},{\"@type\":\"WebSite\",\"@id\":\"https:\/\/www.cashdeliveryinc.com\/#website\",\"url\":\"https:\/\/www.cashdeliveryinc.com\/\",\"name\":\"Cash Delivery Inc.\",\"description\":\"Simple, Fast &amp; Friendly\",\"publisher\":{\"@id\":\"https:\/\/www.cashdeliveryinc.com\/#organization\"},\"potentialAction\":[{\"@type\":\"SearchAction\",\"target\":{\"@type\":\"EntryPoint\",\"urlTemplate\":\"https:\/\/www.cashdeliveryinc.com\/?s={search_term_string}\"},\"query-input\":\"required name=search_term_string\"}],\"inLanguage\":\"en-US\"},{\"@type\":\"WebPage\",\"@id\":\"https:\/\/www.cashdeliveryinc.com\/en\/#webpage\",\"url\":\"https:\/\/www.cashdeliveryinc.com\/en\/\",\"name\":\"PREHOME - Cash Delivery Inc.\",\"isPartOf\":{\"@id\":\"https:\/\/www.cashdeliveryinc.com\/#website\"},\"datePublished\":\"2020-06-12T18:36:24+00:00\",\"dateModified\":\"2020-06-16T19:18:56+00:00\",\"breadcrumb\":{\"@id\":\"https:\/\/www.cashdeliveryinc.com\/en\/#breadcrumb\"},\"inLanguage\":\"en-US\",\"potentialAction\":[{\"@type\":\"ReadAction\",\"target\":[\"https:\/\/www.cashdeliveryinc.com\/en\/\"]}]},{\"@type\":\"BreadcrumbList\",\"@id\":\"https:\/\/www.cashdeliveryinc.com\/en\/#breadcrumb\",\"itemListElement\":[{\"@type\":\"ListItem\",\"position\":1,\"name\":\"Home\",\"item\":\"https:\/\/www.cashdeliveryinc.com\/en\/\"},{\"@type\":\"ListItem\",\"position\":2,\"name\":\"PREHOME\"}]}]}<\/script>\n<!-- \/ Yoast SEO plugin. -->","yoast_head_json":{"title":"PREHOME - Cash Delivery Inc.","robots":{"index":"index","follow":"follow","max-snippet":"max-snippet:-1","max-image-preview":"max-image-preview:large","max-video-preview":"max-video-preview:-1"},"canonical":"https:\/\/www.cashdeliveryinc.com\/en\/","og_locale":"en_US","og_type":"article","og_title":"PREHOME - Cash Delivery Inc.","og_description":"\u00a1Obt\u00e9n tu pr\u00e9stamo ahora! CONTINUAR EN ESPA\u00d1OL Get your loan now! CONTINUE IN ENGLISH \u00a1Obt\u00e9n tu pr\u00e9stamo ahora! CONTINUAR EN ESPA\u00d1OL Get your loan now! CONTINUE IN ENGLISH","og_url":"https:\/\/www.cashdeliveryinc.com\/en\/","og_site_name":"Cash Delivery Inc.","article_modified_time":"2020-06-16T19:18:56+00:00","twitter_card":"summary_large_image","schema":{"@context":"https:\/\/schema.org","@graph":[{"@type":"Organization","@id":"https:\/\/www.cashdeliveryinc.com\/#organization","name":"Cash Delivery INC.","url":"https:\/\/www.cashdeliveryinc.com\/","sameAs":[],"logo":{"@type":"ImageObject","@id":"https:\/\/www.cashdeliveryinc.com\/#logo","inLanguage":"en-US","url":"https:\/\/www.cashdeliveryinc.com\/wp-content\/uploads\/2020\/06\/logo-1.png","contentUrl":"https:\/\/www.cashdeliveryinc.com\/wp-content\/uploads\/2020\/06\/logo-1.png","width":250,"height":72,"caption":"Cash Delivery INC."},"image":{"@id":"https:\/\/www.cashdeliveryinc.com\/#logo"}},{"@type":"WebSite","@id":"https:\/\/www.cashdeliveryinc.com\/#website","url":"https:\/\/www.cashdeliveryinc.com\/","name":"Cash Delivery Inc.","description":"Simple, Fast &amp; Friendly","publisher":{"@id":"https:\/\/www.cashdeliveryinc.com\/#organization"},"potentialAction":[{"@type":"SearchAction","target":{"@type":"EntryPoint","urlTemplate":"https:\/\/www.cashdeliveryinc.com\/?s={search_term_string}"},"query-input":"required name=search_term_string"}],"inLanguage":"en-US"},{"@type":"WebPage","@id":"https:\/\/www.cashdeliveryinc.com\/en\/#webpage","url":"https:\/\/www.cashdeliveryinc.com\/en\/","name":"PREHOME - Cash Delivery Inc.","isPartOf":{"@id":"https:\/\/www.cashdeliveryinc.com\/#website"},"datePublished":"2020-06-12T18:36:24+00:00","dateModified":"2020-06-16T19:18:56+00:00","breadcrumb":{"@id":"https:\/\/www.cashdeliveryinc.com\/en\/#breadcrumb"},"inLanguage":"en-US","potentialAction":[{"@type":"ReadAction","target":["https:\/\/www.cashdeliveryinc.com\/en\/"]}]},{"@type":"BreadcrumbList","@id":"https:\/\/www.cashdeliveryinc.com\/en\/#breadcrumb","itemListElement":[{"@type":"ListItem","position":1,"name":"Home","item":"https:\/\/www.cashdeliveryinc.com\/en\/"},{"@type":"ListItem","position":2,"name":"PREHOME"}]}]}},"_links":{"self":[{"href":"https:\/\/www.cashdeliveryinc.com\/en\/wp-json\/wp\/v2\/pages\/799"}],"collection":[{"href":"https:\/\/www.cashdeliveryinc.com\/en\/wp-json\/wp\/v2\/pages"}],"about":[{"href":"https:\/\/www.cashdeliveryinc.com\/en\/wp-json\/wp\/v2\/types\/page"}],"author":[{"embeddable":true,"href":"https:\/\/www.cashdeliveryinc.com\/en\/wp-json\/wp\/v2\/users\/1"}],"replies":[{"embeddable":true,"href":"https:\/\/www.cashdeliveryinc.com\/en\/wp-json\/wp\/v2\/comments?post=799"}],"version-history":[{"count":74,"href":"https:\/\/www.cashdeliveryinc.com\/en\/wp-json\/wp\/v2\/pages\/799\/revisions"}],"predecessor-version":[{"id":1112,"href":"https:\/\/www.cashdeliveryinc.com\/en\/wp-json\/wp\/v2\/pages\/799\/revisions\/1112"}],"wp:attachment":[{"href":"https:\/\/www.cashdeliveryinc.com\/en\/wp-json\/wp\/v2\/media?parent=799"}],"curies":[{"name":"wp","href":"https:\/\/api.w.org\/{rel}","templated":true}]}}